{"id":1078,"date":"2020-11-08T22:20:27","date_gmt":"2020-11-08T21:20:27","guid":{"rendered":"http:\/\/www.6010.ch\/wordpress\/?page_id=1078"},"modified":"2020-11-08T22:41:54","modified_gmt":"2020-11-08T21:41:54","slug":"radio-3fach-hoerspiele","status":"publish","type":"page","link":"https:\/\/6010.ch\/wordpress\/?page_id=1078","title":{"rendered":"Radio 3FACH H\u00f6rspiele"},"content":{"rendered":"\n<p>Die legend\u00e4ren St\u00f6rspiele von Radio 3FACH mit Gisi und Michel.<\/p>\n\n\n\n<ul class=\"wp-block-list\"><li><a href=\"https:\/\/www.6010.ch\/SS\/01%20Adventure%20Trip%20nach%20Emmen.mp3\">Adventure Tripp nach Emmen<\/a><\/li><li><a href=\"https:\/\/www.6010.ch\/SS\/02%20Aushebung%20&amp;%20ihre%20Folgen.mp3\">Aushebung und ihre Folgen<\/a><\/li><li><a href=\"https:\/\/www.6010.ch\/SS\/03%20Boanova.mp3\">BoaNova<\/a><\/li><li><a href=\"https:\/\/www.6010.ch\/SS\/04%20Bucherer-%dcberfall.mp3\">Bucherer \u00dcberfall<\/a><\/li><li><a href=\"https:\/\/www.6010.ch\/SS\/05%20Bundesrat%20&amp;%20Geschlechtsumwandlung.mp3\">Bundesrat und Geschlechtsumwandlung<\/a><\/li><li><a href=\"https:\/\/www.6010.ch\/SS\/06%20Doitsches%20Sprach%20-%20Schwere%20Sprach.mp3\">Deutsches Sprach, schweres Sprach<\/a><\/li><li><a href=\"https:\/\/www.6010.ch\/SS\/07%20Fasnachtssammelwagen.mp3\">Fasnachts-Sammelwagen<\/a><\/li><li><a href=\"https:\/\/www.6010.ch\/SS\/08%20FCL%20Busentag.mp3\">FCL Busentag<\/a><\/li><li><a href=\"https:\/\/www.6010.ch\/SS\/09%20Gabriela%20Amgarten%20ist%20schwanger.mp3\">Gabriela Amgarten ist schwanger<\/a><\/li><li><a href=\"https:\/\/www.6010.ch\/SS\/10%20Gewalt.mp3\">Gewalt<\/a><\/li><li><a href=\"https:\/\/www.6010.ch\/SS\/11%20Handys%20in%20der%20Vogelwarte.mp3\">Handys in der Vogelwarte<\/a><\/li><li><a href=\"https:\/\/www.6010.ch\/SS\/12%20Haschias%20&amp;%20Globib%fccher.mp3\">Haschias und Globib\u00fccher<\/a><\/li><li><a href=\"https:\/\/www.6010.ch\/SS\/13%20Hexenkessel%20&amp;%20Schwulibert.mp3\">Hexenkessel<\/a><\/li><li><a href=\"https:\/\/www.6010.ch\/SS\/14%20Hochwasser.mp3\">Hochwasser<\/a><\/li><li><a href=\"https:\/\/www.6010.ch\/SS\/15%20Ich%20froide%20-%20Alles%20scheisse.mp3\">Ich froide &#8211; alles Scheisse<\/a><\/li><li><a href=\"https:\/\/www.6010.ch\/SS\/16%20Indianer%20&amp;%20Fuchsschw%e4nze.mp3\">Indianer und Fuchsschw\u00e4nze<\/a><\/li><li><a href=\"https:\/\/www.6010.ch\/SS\/17%20Klein%20gemacht%20-%20Welt%20gerettet.mp3\">Klein gemacht, Welt gerettet<\/a><\/li><li><a href=\"https:\/\/www.6010.ch\/SS\/18%20Liebe%20&amp;%20Ausserirdische.mp3\">Liebe und Ausserirdische<\/a><\/li><li><a href=\"https:\/\/www.6010.ch\/SS\/19%20Lunapark.mp3\">Lunapark<\/a><\/li><li><a href=\"https:\/\/www.6010.ch\/SS\/20%20Millenium.mp3\">Millenium<\/a><\/li><li><a href=\"https:\/\/www.6010.ch\/SS\/21%20Miss%20SVP.mp3\">Miss SVP<\/a><\/li><li><a href=\"https:\/\/www.6010.ch\/SS\/22%20Nazisau.mp3\">Nazisau<\/a><\/li><li><a href=\"https:\/\/www.6010.ch\/SS\/23%20Ostereiersuche.mp3\">Ostereidersuche<\/a><\/li><li><a href=\"https:\/\/www.6010.ch\/SS\/24%20Robinson.mp3\">Robinson<\/a><\/li><li><a href=\"https:\/\/www.6010.ch\/SS\/25%20Ronnie%20kehrs%20b%e4ck.mp3\">Ronnie kehrs back<\/a><\/li><li><a href=\"https:\/\/www.6010.ch\/SS\/26%20Stefan%20Angehrn.mp3\">Stefan Anghern<\/a><\/li><li><a href=\"https:\/\/www.6010.ch\/SS\/27%20Sterbehilfe%20-%20Leicht%20gemacht.mp3\">Sterbehilfe leicht gemacht<\/a><\/li><li><a href=\"https:\/\/www.6010.ch\/SS\/28%20SVP%20-%20Politik%20ohne%20Hand%20&amp;%20Fuss.mp3\">SVP &#8211; Politik ohne Hand und Fuss<\/a><\/li><li><a href=\"https:\/\/www.6010.ch\/SS\/29%20Titten%20in%20den%20Nationalrat.mp3\">Titten in den Nationalrat<\/a><\/li><li><a href=\"https:\/\/www.6010.ch\/SS\/30%20TV%203FACH.mp3\">TV 3FACH<\/a><\/li><li><a href=\"https:\/\/www.6010.ch\/SS\/31%20Die%20Wahrheit%20%fcber%20den%20Samichlaus.mp3\">Die Wahrheit \u00fcber den Samichlaus<\/a><\/li><li><a href=\"https:\/\/www.6010.ch\/SS\/32%20Die%20Wahrheit%20%fcber%20den%20Samichlaus%20Teil%202.mp3\">Die Wahrheit \u00fcber den Samichlaus &#8211; Teil 2<\/a><\/li><li><a href=\"https:\/\/www.6010.ch\/SS\/33%20Wale%20am%20Stadtlauf.mp3\">Wale am Stadtlauf<\/a><\/li><li><a href=\"https:\/\/www.6010.ch\/SS\/34%20Die%20Weihnachtsgeschichte%20neu%20erz%e4hlt.mp3\">Die Weihnachtsgeschichte neu erz\u00e4hlt<\/a><\/li><li><a href=\"https:\/\/www.6010.ch\/SS\/35%20Wie%20alles%20begann.mp3\">Wie alles begann<\/a><\/li><li><a href=\"https:\/\/www.6010.ch\/SS\/36%20Wie%20setze%20ich%20Trends.mp3\">Wie setze ich Trends?<\/a><\/li><li><a href=\"https:\/\/www.6010.ch\/SS\/37%20_100%20Jahre%20VBL%20-%20Lass%20dich%20%fcberraschen.mp3\">100 Jahre VBL &#8211; Lass dich \u00fcberraschen<\/a><\/li><li><a href=\"https:\/\/www.6010.ch\/SS\/38%20_100%20Jahre%20VBL%20-%20Nachtrag.mp3\">100 Jahre VBL &#8211; Nachtrag<\/a><\/li><\/ul>\n","protected":false},"excerpt":{"rendered":"<p>Die legend\u00e4ren St\u00f6rspiele von Radio 3FACH mit Gisi und Michel. Adventure Tripp nach Emmen Aushebung und ihre Folgen BoaNova Bucherer \u00dcberfall Bundesrat und Geschlechtsumwandlung Deutsches Sprach, schweres Sprach Fasnachts-Sammelwagen FCL Busentag Gabriela Amgarten ist schwanger Gewalt Handys in der Vogelwarte &hellip; <a href=\"https:\/\/6010.ch\/wordpress\/?page_id=1078\">Weiterlesen <span class=\"meta-nav\">&rarr;<\/span><\/a><\/p>\n","protected":false},"author":21,"featured_media":0,"parent":0,"menu_order":0,"comment_status":"closed","ping_status":"closed","template":"","meta":{"footnotes":""},"class_list":["post-1078","page","type-page","status-publish","hentry"],"_links":{"self":[{"href":"https:\/\/6010.ch\/wordpress\/index.php?rest_route=\/wp\/v2\/pages\/1078","targetHints":{"allow":["GET"]}}],"collection":[{"href":"https:\/\/6010.ch\/wordpress\/index.php?rest_route=\/wp\/v2\/pages"}],"about":[{"href":"https:\/\/6010.ch\/wordpress\/index.php?rest_route=\/wp\/v2\/types\/page"}],"author":[{"embeddable":true,"href":"https:\/\/6010.ch\/wordpress\/index.php?rest_route=\/wp\/v2\/users\/21"}],"replies":[{"embeddable":true,"href":"https:\/\/6010.ch\/wordpress\/index.php?rest_route=%2Fwp%2Fv2%2Fcomments&post=1078"}],"version-history":[{"count":3,"href":"https:\/\/6010.ch\/wordpress\/index.php?rest_route=\/wp\/v2\/pages\/1078\/revisions"}],"predecessor-version":[{"id":1081,"href":"https:\/\/6010.ch\/wordpress\/index.php?rest_route=\/wp\/v2\/pages\/1078\/revisions\/1081"}],"wp:attachment":[{"href":"https:\/\/6010.ch\/wordpress\/index.php?rest_route=%2Fwp%2Fv2%2Fmedia&parent=1078"}],"curies":[{"name":"wp","href":"https:\/\/api.w.org\/{rel}","templated":true}]}}